{"id":468,"date":"2023-11-14T10:54:08","date_gmt":"2023-11-14T10:54:08","guid":{"rendered":"https:\/\/widerstandsmuseum.org\/?page_id=468"},"modified":"2024-11-11T12:10:15","modified_gmt":"2024-11-11T12:10:15","slug":"impressum","status":"publish","type":"page","link":"https:\/\/widerstandsmuseum.org\/index.php\/impressum\/","title":{"rendered":"Impressum"},"content":{"rendered":"\t\t<div data-elementor-type=\"wp-page\" data-elementor-id=\"468\" class=\"elementor elementor-468\" data-elementor-post-type=\"page\">\n\t\t\t\t<div data-particle_enable=\"false\" data-particle-mobile-disabled=\"false\" class=\"elementor-element elementor-element-bb895da e-con-full e-flex e-con e-parent\" data-id=\"bb895da\" data-element_type=\"container\" data-e-type=\"container\">\n\t\t<div data-particle_enable=\"false\" data-particle-mobile-disabled=\"false\" class=\"elementor-element elementor-element-1da86dc e-con-full e-flex e-con e-child\" data-id=\"1da86dc\" data-element_type=\"container\" data-e-type=\"container\" data-settings=\"{&quot;background_background&quot;:&quot;classic&quot;}\">\n\t\t<div data-particle_enable=\"false\" data-particle-mobile-disabled=\"false\" class=\"elementor-element elementor-element-7f36784 e-con-full e-flex e-con e-child\" data-id=\"7f36784\" data-element_type=\"container\" data-e-type=\"container\">\n\t\t<div data-particle_enable=\"false\" data-particle-mobile-disabled=\"false\" class=\"elementor-element elementor-element-ce42eb5 e-con-full e-flex e-con e-child\" data-id=\"ce42eb5\" data-element_type=\"container\" data-e-type=\"container\" data-settings=\"{&quot;background_background&quot;:&quot;classic&quot;}\">\n\t\t\t\t<div class=\"elementor-element elementor-element-db4eacd elementor-widget__width-inherit elementor-widget-divider--view-line elementor-invisible elementor-widget elementor-widget-divider\" data-id=\"db4eacd\" data-element_type=\"widget\" data-e-type=\"widget\" data-settings=\"{&quot;_animation&quot;:&quot;fadeInLeft&quot;}\" data-widget_type=\"divider.default\">\n\t\t\t\t<div class=\"elementor-widget-container\">\n\t\t\t\t\t\t\t<div class=\"elementor-divider\">\n\t\t\t<span class=\"elementor-divider-separator\">\n\t\t\t\t\t\t<\/span>\n\t\t<\/div>\n\t\t\t\t\t\t<\/div>\n\t\t\t\t<\/div>\n\t\t\t\t<div class=\"elementor-element elementor-element-8010bf2 elementor-widget elementor-widget-heading\" data-id=\"8010bf2\" data-element_type=\"widget\" data-e-type=\"widget\" data-widget_type=\"heading.default\">\n\t\t\t\t<div class=\"elementor-widget-container\">\n\t\t\t\t\t<h2 class=\"elementor-heading-title elementor-size-default\">Impressum<\/h2>\t\t\t\t<\/div>\n\t\t\t\t<\/div>\n\t\t\t\t<div class=\"elementor-element elementor-element-92bc317 elementor-widget elementor-widget-text-editor\" data-id=\"92bc317\" data-element_type=\"widget\" data-e-type=\"widget\" data-widget_type=\"text-editor.default\">\n\t\t\t\t<div class=\"elementor-widget-container\">\n\t\t\t\t\t\t\t\t\t<p>Hinweise zur Verarbeitung Ihrer Angaben und Widerspruchsrechte:<\/p><p><a href=\"https:\/\/widerstandsmuseum.de\/datenschutzerklaerung\/\">Mehr sehen<\/a><\/p><p class=\"p1\"><b>Verein zum Erhalt und zur F\u00f6rderung des Jugendwiderstandmuseums in der Galil\u00e4akirche e.V.<\/b><\/p><p class=\"p1\"><b>Rigaer Stra\u00dfe 9\u00a0<\/b><\/p><p class=\"p1\"><b>D-10247 Berlin<\/b><\/p><p class=\"p1\"><b>Tel: + 49 (30) 23 000 700<\/b><\/p><p class=\"p1\"><span class=\"s1\"><a href=\"mailto:contact@galilaea-kirche.de\"><b>contact@galilaea-kirche.de<\/b><\/a><\/span><\/p><p class=\"p1\"><span class=\"s1\"><a href=\"https:\/\/galilaea-kirche.de\/\"><b>https:\/\/galilaea-kirche.de<\/b><\/a><\/span><\/p>\t\t\t\t\t\t\t\t<\/div>\n\t\t\t\t<\/div>\n\t\t\t\t<div class=\"elementor-element elementor-element-09d4423 elementor-widget elementor-widget-text-editor\" data-id=\"09d4423\" data-element_type=\"widget\" data-e-type=\"widget\" data-widget_type=\"text-editor.default\">\n\t\t\t\t<div class=\"elementor-widget-container\">\n\t\t\t\t\t\t\t\t\t<h6><strong>Inhaltlich Verantwortlicher gem\u00e4\u00df \u00a75 TMG:<br \/><\/strong><\/h6><p class=\"p1\">Andreas D\u00f6hler<\/p>\t\t\t\t\t\t\t\t<\/div>\n\t\t\t\t<\/div>\n\t\t\t\t<\/div>\n\t\t<div data-particle_enable=\"false\" data-particle-mobile-disabled=\"false\" class=\"elementor-element elementor-element-ecca48c e-con-full e-flex e-con e-child\" data-id=\"ecca48c\" data-element_type=\"container\" data-e-type=\"container\" data-settings=\"{&quot;background_background&quot;:&quot;classic&quot;}\">\n\t\t\t\t<div class=\"elementor-element elementor-element-3477b58 elementor-widget elementor-widget-text-editor\" data-id=\"3477b58\" data-element_type=\"widget\" data-e-type=\"widget\" data-widget_type=\"text-editor.default\">\n\t\t\t\t<div class=\"elementor-widget-container\">\n\t\t\t\t\t\t\t\t\t<h6><strong>Vertretungsberechtigter Vorstand:<\/strong><\/h6><p class=\"p1\">Marc Weiser, Andreas D\u00f6hler, Ingo Vaupel<\/p><p class=\"p1\">Registergericht: Amtsgericht Berlin-Charlottenburg<\/p><p class=\"p1\">Registrierter Name: Verein zum Erhalt und zur F\u00f6rderung des Jugendwiderstandmuseums in der Galil\u00e4akirche e.V.<\/p><p class=\"p1\">Registernummer: VR 40867 B<\/p><h6><strong>Weitere Informationen:<\/strong><\/h6><p><a href=\"http:\/\/www.disclaimer.de\/disclaimer.htm?farbe=FFFFFF\/000000\/000000\/000000\" target=\"_blank\" rel=\"noopener noreferrer\">Haftungsausschluss<\/a><\/p><p>Trotz sorgf\u00e4ltiger inhaltlicher Kontrolle \u00fcbernehmen wir keine Haftung f\u00fcr die Inhalte externer Links. F\u00fcr den Inhalt der verlinkten Seiten sind ausschlie\u00dflich deren Betreiber verantwortlich. Alle hier verwendeten Namen, Begriffe, Zeichen und Grafiken k\u00f6nnen Marken- oder Warenzeichen im Besitze ihrer rechtlichen Eigent\u00fcmer sein. Die Rechte aller erw\u00e4hnten und benutzten Marken- und Warenzeichen liegen ausschlie\u00dflich bei deren Besitzern.<\/p><h6><strong>Webdesign:<\/strong><\/h6><p><a href=\"https:\/\/www.josepoblete.com\">Jos\u00e9 Poblete<\/a><\/p>\t\t\t\t\t\t\t\t<\/div>\n\t\t\t\t<\/div>\n\t\t\t\t<\/div>\n\t\t\t\t<\/div>\n\t\t\t\t<\/div>\n\t\t\t\t<\/div>\n\t\t\t\t<\/div>\n\t\t","protected":false},"excerpt":{"rendered":"<p>Impressum Hinweise zur Verarbeitung Ihrer Angaben und Widerspruchsrechte: Mehr sehen Verein zum Erhalt und zur F\u00f6rderung des Jugendwiderstandmuseums in der Galil\u00e4akirche e.V. Rigaer Stra\u00dfe 9\u00a0 D-10247 Berlin Tel: + 49 (30) 23 000 700 contact@galilaea-kirche.de https:\/\/galilaea-kirche.de Inhaltlich Verantwortlicher gem\u00e4\u00df \u00a75 TMG: Andreas D\u00f6hler Vertretungsberechtigter Vorstand: Marc Weiser, Andreas D\u00f6hler, Ingo Vaupel Registergericht: Amtsgericht Berlin-Charlottenburg Registrierter [&hellip;]<\/p>\n","protected":false},"author":1,"featured_media":0,"parent":0,"menu_order":0,"comment_status":"closed","ping_status":"closed","template":"","meta":{"om_disable_all_campaigns":false,"footnotes":""},"class_list":["post-468","page","type-page","status-publish","hentry"],"yoast_head":"<!-- This site is optimized with the Yoast SEO Premium plugin v23.7 (Yoast SEO v27.4) - https:\/\/yoast.com\/product\/yoast-seo-premium-wordpress\/ -->\n<title>Impressum - Widerstands Museum<\/title>\n<meta name=\"robots\" content=\"index, follow, max-snippet:-1, max-image-preview:large, max-video-preview:-1\" \/>\n<link rel=\"canonical\" href=\"https:\/\/widerstandsmuseum.org\/index.php\/impressum\/\" \/>\n<meta property=\"og:locale\" content=\"de_DE\" \/>\n<meta property=\"og:type\" content=\"article\" \/>\n<meta property=\"og:title\" content=\"Impressum\" \/>\n<meta property=\"og:description\" content=\"Impressum Hinweise zur Verarbeitung Ihrer Angaben und Widerspruchsrechte: Mehr sehen Verein zum Erhalt und zur F\u00f6rderung des Jugendwiderstandmuseums in der Galil\u00e4akirche e.V. Rigaer Stra\u00dfe 9\u00a0 D-10247 Berlin Tel: + 49 (30) 23 000 700 contact@galilaea-kirche.de https:\/\/galilaea-kirche.de Inhaltlich Verantwortlicher gem\u00e4\u00df \u00a75 TMG: Andreas D\u00f6hler Vertretungsberechtigter Vorstand: Marc Weiser, Andreas D\u00f6hler, Ingo Vaupel Registergericht: Amtsgericht Berlin-Charlottenburg Registrierter [&hellip;]\" \/>\n<meta property=\"og:url\" content=\"https:\/\/widerstandsmuseum.org\/index.php\/impressum\/\" \/>\n<meta property=\"og:site_name\" content=\"Widerstands Museum\" \/>\n<meta property=\"article:modified_time\" content=\"2024-11-11T12:10:15+00:00\" \/>\n<meta name=\"twitter:card\" content=\"summary_large_image\" \/>\n<meta name=\"twitter:label1\" content=\"Gesch\u00e4tzte Lesezeit\" \/>\n\t<meta name=\"twitter:data1\" content=\"1\u00a0Minute\" \/>\n<script type=\"application\/ld+json\" class=\"yoast-schema-graph\">{\"@context\":\"https:\\\/\\\/schema.org\",\"@graph\":[{\"@type\":\"WebPage\",\"@id\":\"https:\\\/\\\/widerstandsmuseum.org\\\/index.php\\\/impressum\\\/\",\"url\":\"https:\\\/\\\/widerstandsmuseum.org\\\/index.php\\\/impressum\\\/\",\"name\":\"Impressum - Widerstands Museum\",\"isPartOf\":{\"@id\":\"https:\\\/\\\/widerstandsmuseum.org\\\/#website\"},\"datePublished\":\"2023-11-14T10:54:08+00:00\",\"dateModified\":\"2024-11-11T12:10:15+00:00\",\"breadcrumb\":{\"@id\":\"https:\\\/\\\/widerstandsmuseum.org\\\/index.php\\\/impressum\\\/#breadcrumb\"},\"inLanguage\":\"de\",\"potentialAction\":[{\"@type\":\"ReadAction\",\"target\":[\"https:\\\/\\\/widerstandsmuseum.org\\\/index.php\\\/impressum\\\/\"]}]},{\"@type\":\"BreadcrumbList\",\"@id\":\"https:\\\/\\\/widerstandsmuseum.org\\\/index.php\\\/impressum\\\/#breadcrumb\",\"itemListElement\":[{\"@type\":\"ListItem\",\"position\":1,\"name\":\"Home\",\"item\":\"https:\\\/\\\/widerstandsmuseum.org\\\/\"},{\"@type\":\"ListItem\",\"position\":2,\"name\":\"Impressum\"}]},{\"@type\":\"WebSite\",\"@id\":\"https:\\\/\\\/widerstandsmuseum.org\\\/#website\",\"url\":\"https:\\\/\\\/widerstandsmuseum.org\\\/\",\"name\":\"Widerstands Museum\",\"description\":\"\",\"publisher\":{\"@id\":\"https:\\\/\\\/widerstandsmuseum.org\\\/#organization\"},\"potentialAction\":[{\"@type\":\"SearchAction\",\"target\":{\"@type\":\"EntryPoint\",\"urlTemplate\":\"https:\\\/\\\/widerstandsmuseum.org\\\/?s={search_term_string}\"},\"query-input\":{\"@type\":\"PropertyValueSpecification\",\"valueRequired\":true,\"valueName\":\"search_term_string\"}}],\"inLanguage\":\"de\"},{\"@type\":\"Organization\",\"@id\":\"https:\\\/\\\/widerstandsmuseum.org\\\/#organization\",\"name\":\"Widerstands Museum\",\"url\":\"https:\\\/\\\/widerstandsmuseum.org\\\/\",\"logo\":{\"@type\":\"ImageObject\",\"inLanguage\":\"de\",\"@id\":\"https:\\\/\\\/widerstandsmuseum.org\\\/#\\\/schema\\\/logo\\\/image\\\/\",\"url\":\"https:\\\/\\\/widerstandsmuseum.org\\\/wp-content\\\/uploads\\\/2023\\\/11\\\/logo-negro.png\",\"contentUrl\":\"https:\\\/\\\/widerstandsmuseum.org\\\/wp-content\\\/uploads\\\/2023\\\/11\\\/logo-negro.png\",\"width\":4317,\"height\":2010,\"caption\":\"Widerstands Museum\"},\"image\":{\"@id\":\"https:\\\/\\\/widerstandsmuseum.org\\\/#\\\/schema\\\/logo\\\/image\\\/\"}}]}<\/script>\n<!-- \/ Yoast SEO Premium plugin. -->","yoast_head_json":{"title":"Impressum - Widerstands Museum","robots":{"index":"index","follow":"follow","max-snippet":"max-snippet:-1","max-image-preview":"max-image-preview:large","max-video-preview":"max-video-preview:-1"},"canonical":"https:\/\/widerstandsmuseum.org\/index.php\/impressum\/","og_locale":"de_DE","og_type":"article","og_title":"Impressum","og_description":"Impressum Hinweise zur Verarbeitung Ihrer Angaben und Widerspruchsrechte: Mehr sehen Verein zum Erhalt und zur F\u00f6rderung des Jugendwiderstandmuseums in der Galil\u00e4akirche e.V. Rigaer Stra\u00dfe 9\u00a0 D-10247 Berlin Tel: + 49 (30) 23 000 700 contact@galilaea-kirche.de https:\/\/galilaea-kirche.de Inhaltlich Verantwortlicher gem\u00e4\u00df \u00a75 TMG: Andreas D\u00f6hler Vertretungsberechtigter Vorstand: Marc Weiser, Andreas D\u00f6hler, Ingo Vaupel Registergericht: Amtsgericht Berlin-Charlottenburg Registrierter [&hellip;]","og_url":"https:\/\/widerstandsmuseum.org\/index.php\/impressum\/","og_site_name":"Widerstands Museum","article_modified_time":"2024-11-11T12:10:15+00:00","twitter_card":"summary_large_image","twitter_misc":{"Gesch\u00e4tzte Lesezeit":"1\u00a0Minute"},"schema":{"@context":"https:\/\/schema.org","@graph":[{"@type":"WebPage","@id":"https:\/\/widerstandsmuseum.org\/index.php\/impressum\/","url":"https:\/\/widerstandsmuseum.org\/index.php\/impressum\/","name":"Impressum - Widerstands Museum","isPartOf":{"@id":"https:\/\/widerstandsmuseum.org\/#website"},"datePublished":"2023-11-14T10:54:08+00:00","dateModified":"2024-11-11T12:10:15+00:00","breadcrumb":{"@id":"https:\/\/widerstandsmuseum.org\/index.php\/impressum\/#breadcrumb"},"inLanguage":"de","potentialAction":[{"@type":"ReadAction","target":["https:\/\/widerstandsmuseum.org\/index.php\/impressum\/"]}]},{"@type":"BreadcrumbList","@id":"https:\/\/widerstandsmuseum.org\/index.php\/impressum\/#breadcrumb","itemListElement":[{"@type":"ListItem","position":1,"name":"Home","item":"https:\/\/widerstandsmuseum.org\/"},{"@type":"ListItem","position":2,"name":"Impressum"}]},{"@type":"WebSite","@id":"https:\/\/widerstandsmuseum.org\/#website","url":"https:\/\/widerstandsmuseum.org\/","name":"Widerstands Museum","description":"","publisher":{"@id":"https:\/\/widerstandsmuseum.org\/#organization"},"potentialAction":[{"@type":"SearchAction","target":{"@type":"EntryPoint","urlTemplate":"https:\/\/widerstandsmuseum.org\/?s={search_term_string}"},"query-input":{"@type":"PropertyValueSpecification","valueRequired":true,"valueName":"search_term_string"}}],"inLanguage":"de"},{"@type":"Organization","@id":"https:\/\/widerstandsmuseum.org\/#organization","name":"Widerstands Museum","url":"https:\/\/widerstandsmuseum.org\/","logo":{"@type":"ImageObject","inLanguage":"de","@id":"https:\/\/widerstandsmuseum.org\/#\/schema\/logo\/image\/","url":"https:\/\/widerstandsmuseum.org\/wp-content\/uploads\/2023\/11\/logo-negro.png","contentUrl":"https:\/\/widerstandsmuseum.org\/wp-content\/uploads\/2023\/11\/logo-negro.png","width":4317,"height":2010,"caption":"Widerstands Museum"},"image":{"@id":"https:\/\/widerstandsmuseum.org\/#\/schema\/logo\/image\/"}}]}},"_links":{"self":[{"href":"https:\/\/widerstandsmuseum.org\/index.php\/wp-json\/wp\/v2\/pages\/468","targetHints":{"allow":["GET"]}}],"collection":[{"href":"https:\/\/widerstandsmuseum.org\/index.php\/wp-json\/wp\/v2\/pages"}],"about":[{"href":"https:\/\/widerstandsmuseum.org\/index.php\/wp-json\/wp\/v2\/types\/page"}],"author":[{"embeddable":true,"href":"https:\/\/widerstandsmuseum.org\/index.php\/wp-json\/wp\/v2\/users\/1"}],"replies":[{"embeddable":true,"href":"https:\/\/widerstandsmuseum.org\/index.php\/wp-json\/wp\/v2\/comments?post=468"}],"version-history":[{"count":22,"href":"https:\/\/widerstandsmuseum.org\/index.php\/wp-json\/wp\/v2\/pages\/468\/revisions"}],"predecessor-version":[{"id":882,"href":"https:\/\/widerstandsmuseum.org\/index.php\/wp-json\/wp\/v2\/pages\/468\/revisions\/882"}],"wp:attachment":[{"href":"https:\/\/widerstandsmuseum.org\/index.php\/wp-json\/wp\/v2\/media?parent=468"}],"curies":[{"name":"wp","href":"https:\/\/api.w.org\/{rel}","templated":true}]}}